{"id":985,"date":"2026-03-17T20:02:24","date_gmt":"2026-03-17T20:02:24","guid":{"rendered":"https:\/\/loja-linho.pt\/politica-de-privacidad\/"},"modified":"2026-04-09T11:38:57","modified_gmt":"2026-04-09T11:38:57","slug":"politica-de-privacidad","status":"publish","type":"page","link":"https:\/\/loja-linho.pt\/es\/politica-de-privacidad\/","title":{"rendered":"Pol\u00edtica de privacidad"},"content":{"rendered":"<style>.elementor-985 .elementor-element.elementor-element-79021773 > .elementor-container{max-width:1170px;}.elementor-985 .elementor-element.elementor-element-79021773 > .elementor-container > .elementor-column > .elementor-widget-wrap{align-content:center;align-items:center;}.elementor-985 .elementor-element.elementor-element-79021773:not(.elementor-motion-effects-element-type-background), .elementor-985 .elementor-element.elementor-element-79021773 > .elementor-motion-effects-container > .elementor-motion-effects-layer{background-image:url(\"https:\/\/loja-linho.pt\/wp-content\/uploads\/2026\/03\/1000077184.jpg\");background-position:0px 47%;background-size:cover;}.elementor-985 .elementor-element.elementor-element-79021773 > .elementor-background-overlay{background-color:#000000;opacity:0.92;transition:background 0.3s, border-radius 0.3s, opacity 0.3s;}.elementor-985 .elementor-element.elementor-element-79021773{transition:background 0.3s, border 0.3s, border-radius 0.3s, box-shadow 0.3s;padding:220px 0px 150px 0px;}.elementor-985 .elementor-element.elementor-element-58fb22f > .elementor-element-populated{margin:0px 0px 0px 10px;--e-column-margin-right:0px;--e-column-margin-left:10px;}.elementor-985 .elementor-element.elementor-element-4950e310 .elementor-heading-title{font-family:\"Playfair Display\", Sans-serif;font-size:30px;font-weight:600;text-transform:capitalize;line-height:1.2em;color:var( --e-global-color-c1876b7 );}.elementor-985 .elementor-element.elementor-element-190c26a6 > .elementor-element-populated{margin:0px 10px 0px 0px;--e-column-margin-right:10px;--e-column-margin-left:0px;}.elementor-985 .elementor-element.elementor-element-b781f78 .elementor-icon-list-items:not(.elementor-inline-items) .elementor-icon-list-item:not(:last-child){padding-block-end:calc(10px\/2);}.elementor-985 .elementor-element.elementor-element-b781f78 .elementor-icon-list-items:not(.elementor-inline-items) .elementor-icon-list-item:not(:first-child){margin-block-start:calc(10px\/2);}.elementor-985 .elementor-element.elementor-element-b781f78 .elementor-icon-list-items.elementor-inline-items .elementor-icon-list-item{margin-inline:calc(10px\/2);}.elementor-985 .elementor-element.elementor-element-b781f78 .elementor-icon-list-items.elementor-inline-items{margin-inline:calc(-10px\/2);}.elementor-985 .elementor-element.elementor-element-b781f78 .elementor-icon-list-items.elementor-inline-items .elementor-icon-list-item:after{inset-inline-end:calc(-10px\/2);}.elementor-985 .elementor-element.elementor-element-b781f78 .elementor-icon-list-icon i{color:var( --e-global-color-accent );transition:color 0.3s;}.elementor-985 .elementor-element.elementor-element-b781f78 .elementor-icon-list-icon svg{fill:var( --e-global-color-accent );transition:fill 0.3s;}.elementor-985 .elementor-element.elementor-element-b781f78{--e-icon-list-icon-size:14px;--icon-vertical-offset:0px;}.elementor-985 .elementor-element.elementor-element-b781f78 .elementor-icon-list-icon{padding-inline-end:15px;}.elementor-985 .elementor-element.elementor-element-b781f78 .elementor-icon-list-item > .elementor-icon-list-text, .elementor-985 .elementor-element.elementor-element-b781f78 .elementor-icon-list-item > a{font-family:var( --e-global-typography-text-font-family ), Sans-serif;font-size:var( --e-global-typography-text-font-size );font-weight:var( --e-global-typography-text-font-weight );line-height:var( --e-global-typography-text-line-height );}.elementor-985 .elementor-element.elementor-element-b781f78 .elementor-icon-list-text{color:var( --e-global-color-c1876b7 );transition:color 0.3s;}.elementor-985 .elementor-element.elementor-element-e45489d{--display:flex;--flex-direction:column;--container-widget-width:100%;--container-widget-height:initial;--container-widget-flex-grow:0;--container-widget-align-self:initial;--flex-wrap-mobile:wrap;}@media(max-width:1024px){.elementor-985 .elementor-element.elementor-element-79021773:not(.elementor-motion-effects-element-type-background), .elementor-985 .elementor-element.elementor-element-79021773 > .elementor-motion-effects-container > .elementor-motion-effects-layer{background-position:0px 0px;}.elementor-985 .elementor-element.elementor-element-79021773{padding:220px 10px 120px 10px;}.elementor-985 .elementor-element.elementor-element-58fb22f > .elementor-element-populated{margin:0px 0px 0px 10px;--e-column-margin-right:0px;--e-column-margin-left:10px;}.elementor-985 .elementor-element.elementor-element-4950e310 .elementor-heading-title{font-size:62px;}.elementor-985 .elementor-element.elementor-element-b781f78 .elementor-icon-list-item > .elementor-icon-list-text, .elementor-985 .elementor-element.elementor-element-b781f78 .elementor-icon-list-item > a{font-size:var( --e-global-typography-text-font-size );line-height:var( --e-global-typography-text-line-height );}}@media(max-width:767px){.elementor-985 .elementor-element.elementor-element-79021773:not(.elementor-motion-effects-element-type-background), .elementor-985 .elementor-element.elementor-element-79021773 > .elementor-motion-effects-container > .elementor-motion-effects-layer{background-position:0px 0px;}.elementor-985 .elementor-element.elementor-element-79021773{padding:180px 10px 80px 10px;}.elementor-985 .elementor-element.elementor-element-58fb22f > .elementor-element-populated{margin:0px 15px 0px 15px;--e-column-margin-right:15px;--e-column-margin-left:15px;padding:0px 0px 0px 0px;}.elementor-985 .elementor-element.elementor-element-4950e310{text-align:center;}.elementor-985 .elementor-element.elementor-element-4950e310 .elementor-heading-title{font-size:34px;line-height:1.2em;}.elementor-985 .elementor-element.elementor-element-190c26a6 > .elementor-element-populated{margin:10px 0px 0px 0px;--e-column-margin-right:0px;--e-column-margin-left:0px;}.elementor-985 .elementor-element.elementor-element-b781f78 .elementor-icon-list-item > .elementor-icon-list-text, .elementor-985 .elementor-element.elementor-element-b781f78 .elementor-icon-list-item > a{font-size:var( --e-global-typography-text-font-size );line-height:var( --e-global-typography-text-line-height );}}@media(min-width:768px){.elementor-985 .elementor-element.elementor-element-58fb22f{width:40%;}.elementor-985 .elementor-element.elementor-element-190c26a6{width:60%;}}@media(max-width:1024px) and (min-width:768px){.elementor-985 .elementor-element.elementor-element-58fb22f{width:60%;}.elementor-985 .elementor-element.elementor-element-190c26a6{width:40%;}}<\/style>\t\t<div data-elementor-type=\"wp-page\" data-elementor-id=\"985\" class=\"elementor elementor-985 elementor-401\" data-elementor-post-type=\"page\">\n\t\t\t\t\t\t<section class=\"elementor-section elementor-top-section elementor-element elementor-element-79021773 elementor-section-content-middle elementor-section-boxed elementor-section-height-default elementor-section-height-default\" data-id=\"79021773\" data-element_type=\"section\" data-e-type=\"section\" data-settings=\"{&quot;background_background&quot;:&quot;classic&quot;}\">\n\t\t\t\t\t\t\t<div class=\"elementor-background-overlay\"><\/div>\n\t\t\t\t\t\t\t<div class=\"elementor-container elementor-column-gap-no\">\n\t\t\t\t\t<div class=\"elementor-column elementor-col-50 elementor-top-column elementor-element elementor-element-58fb22f\" data-id=\"58fb22f\" data-element_type=\"column\" data-e-type=\"column\">\n\t\t\t<div class=\"elementor-widget-wrap elementor-element-populated\">\n\t\t\t\t\t\t<div class=\"elementor-element elementor-element-4950e310 elementor-widget elementor-widget-heading\" data-id=\"4950e310\" data-element_type=\"widget\" data-e-type=\"widget\" data-widget_type=\"heading.default\">\n\t\t\t\t\t<h2 class=\"elementor-heading-title elementor-size-default\">Pol\u00edtica de privacidad<\/h2>\t\t\t\t<\/div>\n\t\t\t\t\t<\/div>\n\t\t<\/div>\n\t\t\t\t<div class=\"elementor-column elementor-col-50 elementor-top-column elementor-element elementor-element-190c26a6\" data-id=\"190c26a6\" data-element_type=\"column\" data-e-type=\"column\">\n\t\t\t<div class=\"elementor-widget-wrap elementor-element-populated\">\n\t\t\t\t\t\t<div class=\"elementor-element elementor-element-b781f78 elementor-icon-list--layout-inline elementor-align-end elementor-mobile-align-center elementor-list-item-link-full_width elementor-widget elementor-widget-icon-list\" data-id=\"b781f78\" data-element_type=\"widget\" data-e-type=\"widget\" data-widget_type=\"icon-list.default\">\n\t\t\t\t\t\t\t<ul class=\"elementor-icon-list-items elementor-inline-items\">\n\t\t\t\t\t\t\t<li class=\"elementor-icon-list-item elementor-inline-item\">\n\t\t\t\t\t\t\t\t\t\t<span class=\"elementor-icon-list-text\">Inicio<\/span>\n\t\t\t\t\t\t\t\t\t<\/li>\n\t\t\t\t\t\t\t\t<li class=\"elementor-icon-list-item elementor-inline-item\">\n\t\t\t\t\t\t\t\t\t\t\t<span class=\"elementor-icon-list-icon\">\n\t\t\t\t\t\t\t<svg aria-hidden=\"true\" class=\"e-font-icon-svg e-fas-chevron-right\" viewBox=\"0 0 320 512\" xmlns=\"http:\/\/www.w3.org\/2000\/svg\"><path d=\"M285.476 272.971L91.132 467.314c-9.373 9.373-24.569 9.373-33.941 0l-22.667-22.667c-9.357-9.357-9.375-24.522-.04-33.901L188.505 256 34.484 101.255c-9.335-9.379-9.317-24.544.04-33.901l22.667-22.667c9.373-9.373 24.569-9.373 33.941 0L285.475 239.03c9.373 9.372 9.373 24.568.001 33.941z\"><\/path><\/svg>\t\t\t\t\t\t<\/span>\n\t\t\t\t\t\t\t\t\t\t<span class=\"elementor-icon-list-text\">Contacta ahora<\/span>\n\t\t\t\t\t\t\t\t\t<\/li>\n\t\t\t\t\t\t<\/ul>\n\t\t\t\t\t\t<\/div>\n\t\t\t\t\t<\/div>\n\t\t<\/div>\n\t\t\t\t\t<\/div>\n\t\t<\/section>\n\t\t<div class=\"elementor-element elementor-element-e45489d e-flex e-con-boxed e-con e-parent\" data-id=\"e45489d\" data-element_type=\"container\" data-e-type=\"container\">\n\t\t\t\t\t<div class=\"e-con-inner\">\n\t\t\t\t<div class=\"elementor-element elementor-element-c5fc6d6 elementor-widget elementor-widget-text-editor\" data-id=\"c5fc6d6\" data-element_type=\"widget\" data-e-type=\"widget\" data-widget_type=\"text-editor.default\">\n\t\t\t\t\t\t\t\t\t<h1 data-section-id=\"ueedil\" data-start=\"191\" data-end=\"219\">POL\u00cdTICA DE PRIVACIDAD<\/h1><h2 data-section-id=\"z8wlm5\" data-start=\"221\" data-end=\"271\">1. Identificaci\u00f3n del Responsable de Tratamiento de Datos<\/h2><p data-start=\"273\" data-end=\"412\">Esta Pol\u00edtica de Privacidad describe c\u00f3mo <strong data-start=\"324\" data-end=\"338\">Loja Linho<\/strong> recopila, utiliza y protege los datos personales de los usuarios del sitio web.<\/p><p data-start=\"414\" data-end=\"655\"><strong data-start=\"414\" data-end=\"446\">Responsable de Datos:<\/strong><br data-start=\"446\" data-end=\"449\">Tienda de lino<br data-start=\"459\" data-end=\"462\">NIPC: 175470901 <br data-start=\"515\" data-end=\"518\">Correo electr\u00f3nico: <a class=\"decorated-link cursor-pointer\" rel=\"noopener\" data-start=\"525\" data-end=\"553\">saozinha-castelo@hotmail.com<\/a> <br data-start=\"591\" data-end=\"594\">Tel\u00e9fono: 912 511 175<\/p><hr data-start=\"657\" data-end=\"660\"><h2 data-section-id=\"16ybkmj\" data-start=\"662\" data-end=\"693\">2. Datos personales recopilados<\/h2><p data-start=\"695\" data-end=\"752\">Loja Linho puede recopilar los siguientes datos personales:<\/p><ul data-start=\"754\" data-end=\"945\"><li data-section-id=\"1t1go2p\" data-start=\"754\" data-end=\"762\"><p data-start=\"756\" data-end=\"762\">Nombre<\/p><\/li><li data-section-id=\"8qbcsw\" data-start=\"763\" data-end=\"784\"><p data-start=\"765\" data-end=\"784\">Direcci\u00f3n de correo electr\u00f3nico<\/p><\/li><li data-section-id=\"mnzehe\" data-start=\"785\" data-end=\"807\"><p data-start=\"787\" data-end=\"807\">N\u00famero de tel\u00e9fono<\/p><\/li><li data-section-id=\"8db8ht\" data-start=\"808\" data-end=\"877\"><p data-start=\"810\" data-end=\"877\">Contenido de los mensajes enviados a trav\u00e9s del formulario de contacto<\/p><\/li><li data-section-id=\"19c7ye7\" data-start=\"878\" data-end=\"945\"><p data-start=\"880\" data-end=\"945\">Datos de navegaci\u00f3n (direcci\u00f3n IP, ubicaci\u00f3n aproximada, cookies)<\/p><\/li><\/ul><hr data-start=\"947\" data-end=\"950\"><h2 data-section-id=\"18zp75p\" data-start=\"952\" data-end=\"982\">3. Prop\u00f3sito del procesamiento<\/h2><p data-start=\"984\" data-end=\"1033\">Los datos personales recopilados se utilizan para:<\/p><ul data-start=\"1035\" data-end=\"1246\"><li data-section-id=\"1jt1bhd\" data-start=\"1035\" data-end=\"1070\"><p data-start=\"1037\" data-end=\"1070\">Responder a solicitudes de contacto<\/p><\/li><li data-section-id=\"1vtdcxj\" data-start=\"1071\" data-end=\"1120\"><p data-start=\"1073\" data-end=\"1120\">Proporciona informaci\u00f3n sobre productos y servicios<\/p><\/li><li data-section-id=\"zzppnh\" data-start=\"1121\" data-end=\"1171\"><p data-start=\"1123\" data-end=\"1171\">Mejora la experiencia de navegaci\u00f3n en la web<\/p><\/li><li data-section-id=\"13e54mk\" data-start=\"1172\" data-end=\"1216\"><p data-start=\"1174\" data-end=\"1216\">Garantizar el funcionamiento t\u00e9cnico del sitio web<\/p><\/li><li data-section-id=\"1iabx2j\" data-start=\"1217\" data-end=\"1246\"><p data-start=\"1219\" data-end=\"1246\">Cumplir con las obligaciones legales<\/p><\/li><\/ul><hr data-start=\"1248\" data-end=\"1251\"><h2 data-section-id=\"1n0ljuj\" data-start=\"1253\" data-end=\"1278\">4. Base legal<\/h2><p data-start=\"1280\" data-end=\"1325\">El tratamiento de datos personales se basa en:<\/p><ul data-start=\"1327\" data-end=\"1446\"><li data-section-id=\"1qcyh9b\" data-start=\"1327\" data-end=\"1365\"><p data-start=\"1329\" data-end=\"1365\">Consentimiento del Usuario<\/p><\/li><li data-section-id=\"10ui4di\" data-start=\"1366\" data-end=\"1409\"><p data-start=\"1368\" data-end=\"1409\">Ejecuci\u00f3n de los pasos precontractuales<\/p><\/li><li data-section-id=\"1k7efr9\" data-start=\"1410\" data-end=\"1446\"><p data-start=\"1412\" data-end=\"1446\">Cumplimiento de las obligaciones legales<\/p><\/li><\/ul><hr data-start=\"1448\" data-end=\"1451\"><h2 data-section-id=\"13q76xt\" data-start=\"1453\" data-end=\"1480\">5. Retenci\u00f3n de datos<\/h2><p data-start=\"1482\" data-end=\"1647\">Los datos personales solo se conservar\u00e1n durante el periodo necesario para cumplir con los fines para los que fueron recopilados o para cumplir con obligaciones legales.<\/p><hr data-start=\"1649\" data-end=\"1652\"><h2 data-section-id=\"2ejid6\" data-start=\"1654\" data-end=\"1677\">6. Compartici\u00f3n de datos<\/h2><p data-start=\"1679\" data-end=\"1775\">Loja Linho no vende ni comparte datos personales con terceros, salvo cuando sea necesario para:<\/p><ul data-start=\"1777\" data-end=\"1925\"><li data-section-id=\"1k7efr9\" data-start=\"1777\" data-end=\"1813\"><p data-start=\"1779\" data-end=\"1813\">Cumplimiento de las obligaciones legales<\/p><\/li><li data-section-id=\"1fghcri\" data-start=\"1814\" data-end=\"1925\"><p data-start=\"1816\" data-end=\"1925\">Funcionamiento del sitio web (por ejemplo, servicios de alojamiento, herramientas t\u00e9cnicas, Google Analytics, redes sociales)<\/p><\/li><\/ul><hr data-start=\"1927\" data-end=\"1930\"><h2 data-section-id=\"11na6bu\" data-start=\"1932\" data-end=\"1967\">7. Derechos del Sujeto de Datos<\/h2><p data-start=\"1969\" data-end=\"2035\">De acuerdo con la legislaci\u00f3n aplicable, tiene derecho a:<\/p><ul data-start=\"2037\" data-end=\"2247\"><li data-section-id=\"yxb79p\" data-start=\"2037\" data-end=\"2071\"><p data-start=\"2039\" data-end=\"2071\">Acceso a tus datos personales<\/p><\/li><li data-section-id=\"cmoino\" data-start=\"2072\" data-end=\"2109\"><p data-start=\"2074\" data-end=\"2109\">Solicitud de rectificaci\u00f3n de datos<\/p><\/li><li data-section-id=\"c6pj20\" data-start=\"2110\" data-end=\"2146\"><p data-start=\"2112\" data-end=\"2146\">Solicitud de eliminaci\u00f3n de datos<\/p><\/li><li data-section-id=\"seq2tn\" data-start=\"2147\" data-end=\"2181\"><p data-start=\"2149\" data-end=\"2181\">Limitaci\u00f3n del procesamiento de datos<\/p><\/li><li data-section-id=\"1mez7io\" data-start=\"2182\" data-end=\"2207\"><p data-start=\"2184\" data-end=\"2207\">Oponerse al tratamiento<\/p><\/li><li data-section-id=\"1qpzjai\" data-start=\"2208\" data-end=\"2247\"><p data-start=\"2210\" data-end=\"2247\">Portabilidad de datos de solicitudes<\/p><\/li><\/ul><p data-start=\"2249\" data-end=\"2344\">Para ejercer cualquiera de estos derechos, debe contactar con:<br data-start=\"2306\" data-end=\"2309\">\ud83d\udce7 <strong data-start=\"2312\" data-end=\"2344\"><a class=\"decorated-link cursor-pointer\" rel=\"noopener\" data-start=\"2314\" data-end=\"2342\">saozinha-castelo@hotmail.com<\/a><\/strong><\/p><hr data-start=\"2346\" data-end=\"2349\"><h2 data-section-id=\"1qswnbd\" data-start=\"2351\" data-end=\"2376\">8. Seguridad de los datos<\/h2><p data-start=\"2378\" data-end=\"2541\">Loja Linho implementa las medidas t\u00e9cnicas y organizativas adecuadas para proteger los datos personales frente a la p\u00e9rdida, uso indebido, acceso no autorizado o divulgaci\u00f3n.<\/p><hr data-start=\"2543\" data-end=\"2546\"><h2 data-section-id=\"1vqpk05\" data-start=\"2548\" data-end=\"2561\">9. Galletas<\/h2><p data-start=\"2563\" data-end=\"2630\">El sitio web utiliza cookies para mejorar la experiencia de navegaci\u00f3n.<\/p><p data-start=\"2632\" data-end=\"2652\">Las cookies te permiten:<\/p><ul data-start=\"2654\" data-end=\"2775\"><li data-section-id=\"sx784a\" data-start=\"2654\" data-end=\"2693\"><p data-start=\"2656\" data-end=\"2693\">Analizar estad\u00edsticas de uso<\/p><\/li><li data-section-id=\"11xw2oj\" data-start=\"2694\" data-end=\"2730\"><p data-start=\"2696\" data-end=\"2730\">Mejorar el rendimiento del sitio web<\/p><\/li><li data-section-id=\"dkw0kp\" data-start=\"2731\" data-end=\"2775\"><p data-start=\"2733\" data-end=\"2775\">Personalizaci\u00f3n de la experiencia del usuario<\/p><\/li><\/ul><p data-start=\"2777\" data-end=\"2893\">El usuario puede configurar su navegador para rechazar cookies, aunque esto puede afectar al funcionamiento del sitio web.<\/p><hr data-start=\"2895\" data-end=\"2898\"><h2 data-section-id=\"1501813\" data-start=\"2900\" data-end=\"2939\">10. Enlaces a sitios web de terceros<\/h2><p data-start=\"2941\" data-end=\"3072\">El sitio web puede contener enlaces a otros sitios web. Loja Linho no se hace responsable de las pr\u00e1cticas de privacidad de estos sitios web. <\/p><hr data-start=\"3074\" data-end=\"3077\"><h2 data-section-id=\"hlrpgj\" data-start=\"3079\" data-end=\"3112\">11. Cambios en esta pol\u00edtica<\/h2><p data-start=\"3114\" data-end=\"3255\">Loja Linho se reserva el derecho de actualizar esta Pol\u00edtica de Privacidad en cualquier momento. Se recomienda consultar esta p\u00e1gina con regularidad. <\/p><hr data-start=\"3257\" data-end=\"3260\"><h2 data-section-id=\"1cdfi5t\" data-start=\"3262\" data-end=\"3291\">12. Autoridad de Supervisi\u00f3n<\/h2><p data-start=\"3293\" data-end=\"3413\">Si considera que sus datos no se est\u00e1n procesando correctamente, tiene derecho a presentar una queja a:<\/p><p data-start=\"3415\" data-end=\"3486\"><strong data-start=\"3415\" data-end=\"3464\">Comisi\u00f3n Nacional de Protecci\u00f3n de Datos (CNPD)<\/strong><br data-start=\"3464\" data-end=\"3467\"><a class=\"decorated-link\" href=\"https:\/\/www.cnpd.pt\" target=\"_new\" rel=\"noopener\" data-start=\"3467\" data-end=\"3486\">https:\/\/www.cnpd.pt<\/a><\/p>\t\t\t\t\t\t\t\t<\/div>\n\t\t\t\t\t<\/div>\n\t\t\t\t<\/div>\n\t\t\t\t<\/div>\n\t\t","protected":false},"excerpt":{"rendered":"<p>Pol\u00edtica de privacidad Inicio Contacta ahora POL\u00cdTICA DE PRIVACIDAD 1. Identificaci\u00f3n del Responsable de Tratamiento de Datos Esta Pol\u00edtica de Privacidad describe c\u00f3mo Loja Linho recopila, utiliza y protege los datos personales de los usuarios del sitio web. Responsable de Datos:Tienda de linoNIPC: 175470901 Correo electr\u00f3nico: saozinha-castelo@hotmail.com Tel\u00e9fono: 912 511 175 2. Datos personales recopilados [&hellip;]<\/p>\n","protected":false},"author":4,"featured_media":0,"parent":0,"menu_order":0,"comment_status":"closed","ping_status":"closed","template":"elementor_header_footer","meta":{"footnotes":""},"class_list":["post-985","page","type-page","status-publish","hentry"],"_links":{"self":[{"href":"https:\/\/loja-linho.pt\/es\/wp-json\/wp\/v2\/pages\/985","targetHints":{"allow":["GET"]}}],"collection":[{"href":"https:\/\/loja-linho.pt\/es\/wp-json\/wp\/v2\/pages"}],"about":[{"href":"https:\/\/loja-linho.pt\/es\/wp-json\/wp\/v2\/types\/page"}],"author":[{"embeddable":true,"href":"https:\/\/loja-linho.pt\/es\/wp-json\/wp\/v2\/users\/4"}],"replies":[{"embeddable":true,"href":"https:\/\/loja-linho.pt\/es\/wp-json\/wp\/v2\/comments?post=985"}],"version-history":[{"count":1,"href":"https:\/\/loja-linho.pt\/es\/wp-json\/wp\/v2\/pages\/985\/revisions"}],"predecessor-version":[{"id":986,"href":"https:\/\/loja-linho.pt\/es\/wp-json\/wp\/v2\/pages\/985\/revisions\/986"}],"wp:attachment":[{"href":"https:\/\/loja-linho.pt\/es\/wp-json\/wp\/v2\/media?parent=985"}],"curies":[{"name":"wp","href":"https:\/\/api.w.org\/{rel}","templated":true}]}}